{"id":210,"date":"2012-06-21T20:38:58","date_gmt":"2012-06-21T17:38:58","guid":{"rendered":"http:\/\/joutsansalmi.wordpress.com\/?page_id=210"},"modified":"2023-10-19T18:46:04","modified_gmt":"2023-10-19T15:46:04","slug":"joutsan-helmi","status":"publish","type":"page","link":"http:\/\/www.joutsansalmi.com\/?page_id=210","title":{"rendered":"Ota yhteytt\u00e4"},"content":{"rendered":"<p><span style=\"font-family: 'Times New Roman', Times, serif;\">Joutsansalmi-yhdistykseen voit ottaa yhteytt\u00e4 s\u00e4hk\u00f6postitse osoitteella: joutsansalmi(at)gmail.com<\/span><\/p>\n","protected":false},"excerpt":{"rendered":"<p>Joutsansalmi-yhdistykseen voit ottaa yhteytt\u00e4 s\u00e4hk\u00f6postitse osoitteella: joutsansalmi(at)gmail.com<\/p>\n","protected":false},"author":1,"featured_media":0,"parent":0,"menu_order":4,"comment_status":"closed","ping_status":"closed","template":"","meta":{"ngg_post_thumbnail":0,"jetpack_post_was_ever_published":false},"jetpack_shortlink":"https:\/\/wp.me\/P2HNwR-3o","jetpack_sharing_enabled":true,"_links":{"self":[{"href":"http:\/\/www.joutsansalmi.com\/index.php?rest_route=\/wp\/v2\/pages\/210"}],"collection":[{"href":"http:\/\/www.joutsansalmi.com\/index.php?rest_route=\/wp\/v2\/pages"}],"about":[{"href":"http:\/\/www.joutsansalmi.com\/index.php?rest_route=\/wp\/v2\/types\/page"}],"author":[{"embeddable":true,"href":"http:\/\/www.joutsansalmi.com\/index.php?rest_route=\/wp\/v2\/users\/1"}],"replies":[{"embeddable":true,"href":"http:\/\/www.joutsansalmi.com\/index.php?rest_route=%2Fwp%2Fv2%2Fcomments&post=210"}],"version-history":[{"count":7,"href":"http:\/\/www.joutsansalmi.com\/index.php?rest_route=\/wp\/v2\/pages\/210\/revisions"}],"predecessor-version":[{"id":847,"href":"http:\/\/www.joutsansalmi.com\/index.php?rest_route=\/wp\/v2\/pages\/210\/revisions\/847"}],"wp:attachment":[{"href":"http:\/\/www.joutsansalmi.com\/index.php?rest_route=%2Fwp%2Fv2%2Fmedia&parent=210"}],"curies":[{"name":"wp","href":"https:\/\/api.w.org\/{rel}","templated":true}]}}