{"id":61,"date":"2012-05-22T10:00:44","date_gmt":"2012-05-22T10:00:44","guid":{"rendered":"http:\/\/joutsansalmi.wordpress.com\/?page_id=61"},"modified":"2012-05-22T10:00:44","modified_gmt":"2012-05-22T10:00:44","slug":"aikaisemmat-ymparistolupaprosessit","status":"publish","type":"page","link":"http:\/\/www.joutsansalmi.com\/?page_id=61","title":{"rendered":"Aikaisemmat lupaprosessit"},"content":{"rendered":"<p>Seuraava lyhyt yhteenveto Joutsan Myllykosken kalankasvatuslaitokselle my\u00f6nnetyist\u00e4 luvista oikeuden p\u00e4\u00e4t\u00f6ksineen sek\u00e4 lupaprosesseihin liittyvist\u00e4 lausunnoista, valituksista ja muistutuksista on tarkoitettu antamaan kokonaiskuva lupien my\u00f6nt\u00f6prosesseista ja niiden vaiheista. Lista ei ole t\u00e4ydellinen, eik\u00e4 kaikkia asiaan liittyvi\u00e4 asiakirjoja ole voitu varmuudella esitt\u00e4\u00e4. Kunkin asiakirjan numero on erikseen mainittu, jotta lukija voisi halutessaan hankkia k\u00e4ytt\u00f6\u00f6ns\u00e4 alkuper\u00e4iset asiakirjat liitteineen.<\/p>\n<p>\u2022\u00a0It\u00e4-Suomen vesioikeus my\u00f6nsi p\u00e4\u00e4t\u00f6ksell\u00e4\u00e4n\u00a0<strong>18.2.1971<\/strong>\u00a0(Nro 16\/I\/71) kalankasvatuslaitokselle oikeuden johtaa k\u00e4ytt\u00f6\u00f6ns\u00e4 vett\u00e4 Viherist\u00e4 enint\u00e4\u00e4n 0,5 m3\/s vuosikeskiarvona laskettuna ja johtaa laitoksella k\u00e4ytetty vesi Joutsansalmeen.<\/p>\n<p>\u2022\u00a0Vesioikeuden p\u00e4\u00e4t\u00f6ksell\u00e4\u00a0<strong>17.2.1977<\/strong>\u00a0(Nro 21\/Ym\/77) laitokselle sallittiin vedenottom\u00e4\u00e4r\u00e4 0,75 m3\/s vuosikeskiarvona.<\/p>\n<p>\u2022\u00a0Vesioikeuden p\u00e4\u00e4t\u00f6ksell\u00e4\u00a0<strong>4.11.1992<\/strong>\u00a0(Nro 72\/92\/1) laitoksella k\u00e4ytett\u00e4v\u00e4n kuivarehun m\u00e4\u00e4r\u00e4 rajoitettiin olemaan enint\u00e4\u00e4n 85 000 kg\/a ja laitoksen aiheuttama fosforip\u00e4\u00e4st\u00f6 rajoitettiin olemaan enint\u00e4\u00e4n 460 kg\/a, koska laitoksen toiminnasta aiheutuneen kuormituksen todettiin olleen ennakoitua suurempi ja kuormituksen vaikutusten vesist\u00f6ss\u00e4 haitallisemmat kuin vesioikeuden aikaisempia p\u00e4\u00e4t\u00f6ksi\u00e4 annettaessa on edellytetty, ja koska laitoksella k\u00e4ytetyn veden vesist\u00f6\u00f6n p\u00e4\u00e4st\u00e4misest\u00e4 on aiheutunut vesist\u00f6n tilaa heikent\u00e4v\u00e4 olosuhteiden muutos.<\/p>\n<p>\u2022\u00a0Taimen Oy:n haettua 24.3.1998 Myllykosken kalankasvatuslaitoksella k\u00e4ytetyn veden vesist\u00f6\u00f6n johtamista koskevan p\u00e4\u00e4t\u00f6ksen tarkistamista toiminnan jatkamiseksi, vesioikeus rajoitti\u00a0<strong>15.9.1998<\/strong>\u00a0(Nro 46\/98\/1) laitoksella k\u00e4ytett\u00e4v\u00e4n kuivarehun m\u00e4\u00e4r\u00e4n olemaan enint\u00e4\u00e4n 80 000 kg\/a, ja laitoksen aiheuttama fosforip\u00e4\u00e4st\u00f6 rajoitettiin olemaan enint\u00e4\u00e4n\u00a0\u00a0400 kg\/a. Lis\u00e4ksi luvan saajalle asetettiin kalatalousvelvoitteen istutusvelvoite.<\/p>\n<p>\u2022\u00a0\u00a0Ennen vesioikeuden p\u00e4\u00e4t\u00f6st\u00e4 It\u00e4-Suomen vesioikeudelle toimitettiin lukuisia muistutuksia ja lupaehtojen tiukentamisvaatimuksia Joutsansalmen asukkailta ja kuntalaisilta. (Honkasalo\u00a0<strong>28.06.1998<\/strong>).<\/p>\n<p>\u2022\u00a0Jouko ja Aino Lehtonen muutoksenhakijakumppaneineen hakivat It\u00e4-Suomen vesiylioikeudelta muutosta vesioikeuden p\u00e4\u00e4t\u00f6kseen valituskirjelm\u00e4ll\u00e4\u00e4n\u00a0<strong>30.10.1998<\/strong>. P\u00e4\u00e4t\u00f6st\u00e4 tehdess\u00e4\u00e4n vesiylioikeus kuuli luvan hakijaa ja lukuisia muutoksenhakijoita. Muutoksenhakijat my\u00f6s t\u00e4ydensiv\u00e4t vesiylioikeuden pyynn\u00f6st\u00e4 valituskirjelm\u00e4\u00e4ns\u00e4.<\/p>\n<p>\u2022\u00a0\u00a0Vesiylioikeus\u00a0<strong>14.4.1999<\/strong>\u00a0(Nro 21\/1999) pysytti vesioikeuden p\u00e4\u00e4t\u00f6ksen, mutta mm. edellytti, ett\u00e4 haettaessa m\u00e4\u00e4r\u00e4ysten tarkistamista 31.3.2004 menness\u00e4, hakemukseen on liitett\u00e4v\u00e4 muiden asianmukaisten selvityksen lis\u00e4ksi tarkkailutuloksiin perustuva yhteenveto laitoksen vesist\u00f6vaikutuksista sek\u00e4 suunnitelma laitoksen forsforip\u00e4\u00e4st\u00f6jen pienent\u00e4miseksi tasolle 300 kg\/a.<\/p>\n<p><strong>VUONNA 2004 HAETTU YMP\u00c4RIST\u00d6LUPA JA PROSESSI<\/strong><\/p>\n<p>\u2022\u00a0\u00a0Taimen Oy haki\u00a0<strong>31.3.2004<\/strong>\u00a0ymp\u00e4rist\u00f6lupavirastolle toimittamallaan hakemuksella ymp\u00e4rist\u00f6lupaa Joutsan Myllykosken kalankasvatuslaitoksen toiminnan jatkamiselle.<\/p>\n<p>\u2022\u00a0\u00a0Esitetyiss\u00e4 lausunnoissa ja muistutuksissa Joutsan seudun terveydenhuollon kuntayhtym\u00e4n yhtym\u00e4hallitus, Suonteen kalastusalue ja Joutsan osakaskunta vaativat mm. fosforip\u00e4\u00e4st\u00f6n alentamista tasolle 300 kg\/a. Joutsan kunnanhallitus yhtyi Joutsan seudun terveydenhuollon kuntayhtym\u00e4n lausuntoon. Lukuisat muistutuksen tekij\u00e4t vaativat toiminnan lupaehtojen muuttamista ja fosforirasituksen puolittamista olemaan enint\u00e4\u00e4n 200 kg\/a, ja muistuttivat ett\u00e4 laitoksella k\u00e4yt\u00f6ss\u00e4 oleva tekniikka on 30 vuotta vanhaa ja siten vanhentunutta. Vaadittiin, ett\u00e4 olisi m\u00e4\u00e4r\u00e4tt\u00e4v\u00e4 otettavaksi k\u00e4ytt\u00f6\u00f6n parasta k\u00e4ytt\u00f6kelpoista tekniikkaa. Muistuttajien n\u00e4kemys oli, ett\u00e4 kalankasvatus on kiistatta syyllinen vesiruton ja karvalehden pesiytymiseen vuolaasti virtaavaan vesist\u00f6\u00f6n ja sen j\u00e4rviosuudelle. Tainen Oy toimitti omaehtoisesti vastineen kalanviljelylaitoksen ymp\u00e4rist\u00f6lupahakemuksta tehtyihin lausuntoihin ja muistutuksiin 30.09.2004. Ymp\u00e4rist\u00f6lupavirasto toimitti tarkastuksen kalanviljelylaitoksella 14.10.2004.<\/p>\n<p>\u2022\u00a0\u00a0It\u00e4-Suomen ymp\u00e4rist\u00f6lupavirasto my\u00f6nsi\u00a0<strong>1.12.2004<\/strong>\u00a0(Nro 106\/04\/1) Taimen Oy:lle ymp\u00e4rist\u00f6luvan Joutsan Myllykosken varressa sijaitsevan lkalankasvatuslaitoksen toimintaan. Luvan mukaan kuivarehun m\u00e4\u00e4r\u00e4 saa olla enint\u00e4\u00e4n 70 000 kg vuodessa ja sen fosforipitoisuus saa olla enint\u00e4\u00e4n 1 %. Kalojen liikaruokinta on v\u00e4ltett\u00e4v\u00e4 ja ruokinta j\u00e4rjestett\u00e4v\u00e4 niin, ett\u00e4 ravinteita p\u00e4\u00e4see vesist\u00f6\u00f6n mahdollisimman v\u00e4h\u00e4n. Laitoksen aiheuttama fosforip\u00e4\u00e4st\u00f6 vesist\u00f6\u00f6n saa olla enint\u00e4\u00e4n 330 kg vuodessa. Lupaehtoihin liittyy my\u00f6s yksil\u00f6idyt vaatimukset koskien laitoksen k\u00e4ytt\u00f6\u00e4, j\u00e4tteiden k\u00e4sittely\u00e4, h\u00e4iri\u00f6- ja poikkeustilanteita sek\u00e4 tarkkailua ja raportointia.<\/p>\n<p><a href=\"http:\/\/joutsansalmi.com\/arkisto\/ymparistolupa.pdf\" target=\"_blank\">It\u00e4-Suomen ymp\u00e4rist\u00f6lupaviraston p\u00e4\u00e4t\u00f6s 1.12.2004<\/a><\/p>\n<p>\u2022\u00a0Taimen Oy valitti It\u00e4-Suomen ymp\u00e4rist\u00f6lupaviraston p\u00e4\u00e4t\u00f6ksest\u00e4 Vaasan hallinto-oikeuteen katsoen, ett\u00e4 vuotuisen fosforikuorman pienent\u00e4misell\u00e4, 400 kg:sta 330 kg:aan ei saavuteta merkitt\u00e4v\u00e4\u00e4 muutosta fosforitasossa, mutta sen sijaan laitoksen toiminta ja kannattavuus ovat selke\u00e4sti uhattuna ja ett\u00e4 toiminta ei olisi en\u00e4\u00e4 taloudellisesti kannattavaa.<\/p>\n<p><a href=\"http:\/\/joutsansalmi.com\/arkisto\/Taimen%20Oyn%20muutoksenhaku_2004.PDF\" target=\"_blank\">Taimen Oy:n muutoksenhaku 30.12.2004<\/a><\/p>\n<p>\u2022\u00a0Lukuisa joukko Joutsansalmen ranta-asukkaita toimitti Vaasan hallinto-oikeudelle vastineensa ja vaatimuksensa sen johdosta, ett\u00e4 Taimen Oy Laukaasta hakee muutosta ja lievennyksi\u00e4 lupaehtojen sis\u00e4lt\u00f6\u00f6n It\u00e4-Suomen ymp\u00e4rist\u00f6viraston ratkaisuun, korostaen yritt\u00e4j\u00e4n yritys- ja yhteiskuntavastuuta, p\u00e4\u00e4st\u00f6jen pienent\u00e4misen v\u00e4ltt\u00e4m\u00e4tt\u00f6myytt\u00e4 sek\u00e4 karvalehti-ongelman ja aiheutetun ymp\u00e4rist\u00f6haitan poistamisen tarpeellisuutta pient\u00e4m\u00e4ll\u00e4 foforip\u00e4\u00e4st\u00f6jen yl\u00e4raja tasolle 200 kg vuodessa.<\/p>\n<p><a href=\"http:\/\/joutsansalmi.com\/arkisto\/2005_02_01_vastine_vaasan_hallinto-oikeus.pdf\" target=\"_blank\">Pentti Honkasalon ja h\u00e4nen asiakumppaniensa vastine 1.2.2005<\/a><strong><\/strong><strong><\/strong><\/p>\n<p>\u2022\u00a0Vaasan hallinto-oikeus\u00a0<strong>30.8.2006<\/strong>\u00a0(Nro 06\/0193\/2) pysytti voimassa It\u00e4-Suomen ymp\u00e4rist\u00f6viraston p\u00e4\u00e4t\u00f6ksen pienin muutoksin. Laitoksella voidaan poikkeuksellisesti tietyiss\u00e4 oloissa pit\u00e4\u00e4 kalanpoikasia my\u00f6s kes\u00e4ll\u00e4. Perusteluissaan hallinto-oikeus totesi laitoksen vesiensuojelurakenteiden olevan per\u00e4isin 1980-luvulta. Laitoksella k\u00e4ytetty vesi, joka sis\u00e4lt\u00e4\u00e4 muun muassa vesist\u00f6\u00e4 rehev\u00f6itt\u00e4v\u00e4\u00e4 fosforia, johdetaan Myllykosken alapuolelle Angessel\u00e4n Myllylahteen rehev\u00f6itt\u00e4en osaltaan alapuolista vesist\u00f6\u00e4.<\/p>\n<p><a href=\"http:\/\/joutsansalmi.com\/arkisto\/vaasan_HOn%20paatos_2006.PDF\" target=\"_blank\">Vaasan hallinto-oikeuden p\u00e4\u00e4t\u00f6s 30.8.2006<\/a><strong><\/strong><strong><\/strong><\/p>\n<p>\u2022\u00a0\u00a0Taimen Oy Laukaasta toimitti 29.9.2006 Korkeimpaan hallinto-oikeudelle valituksen vaatien lievennyksi\u00e4 hallinto-oikeuden antamiin m\u00e4\u00e4r\u00e4yksiin, ja ett\u00e4 sallitun rehun m\u00e4\u00e4r\u00e4 tulee nostaa 80 000 kilogrammaan vuodessa ja sallittujen fosforip\u00e4\u00e4st\u00f6jen m\u00e4\u00e4r\u00e4 400 kilogrammaan vuodessa. Muutoksenhaussa korostetaan lis\u00e4ksi kaikkea jo ymp\u00e4rist\u00f6lupaa haettaessa esitetty\u00e4 ja hallinto-oikeudelle esitetty\u00e4.<\/p>\n<p><a href=\"http:\/\/joutsansalmi.com\/arkisto\/taimen_oyn_%20valitus_KHO_2006.PDF\" target=\"_blank\">Taimen Oy:n valitus Korkeimpaan hallinto-oikeuteen 29.9.2006<\/a><strong><\/strong><strong><\/strong><\/p>\n<p>\u2022\u00a0Pentti Honkasalo ja h\u00e4nen asiakumppaninsa antoivat valituksen johdosta selityksen vastustaen valituksen hyv\u00e4ksymist\u00e4.<\/p>\n<p><a href=\"http:\/\/joutsansalmi.com\/arkisto\/2006_10_23_vastine_korkein_hallinto-oikeus.pdf\" target=\"_blank\">Pentti Honkasalon ja h\u00e4nen asiakumppaniensa selitys ja vastine 23.10.2006<\/a><\/p>\n<p>\u2022\u00a0Korkein hallinto-oikeus p\u00e4\u00e4tti hyl\u00e4t\u00e4 Taimen Oy:n valituksen\u00a0<strong>10.3.2008<\/strong>(Nro 475, Diaarinumero 2724\/1\/06). Vaasan hallinto-oikeuden p\u00e4\u00e4t\u00f6st\u00e4 ei muutettu ja se j\u00e4i voimaan.<\/p>\n<p><a href=\"http:\/\/joutsansalmi.com\/arkisto\/KHO_paatos_2008.PDF\" target=\"_blank\">Korkeimman hallinto-oikeuden p\u00e4\u00e4t\u00f6s 10.3.2008<\/a><\/p>\n","protected":false},"excerpt":{"rendered":"<p>Seuraava lyhyt yhteenveto Joutsan Myllykosken kalankasvatuslaitokselle my\u00f6nnetyist\u00e4 luvista oikeuden p\u00e4\u00e4t\u00f6ksineen sek\u00e4 lupaprosesseihin liittyvist\u00e4 lausunnoista, valituksista ja muistutuksista on tarkoitettu antamaan kokonaiskuva lupien my\u00f6nt\u00f6prosesseista ja niiden vaiheista. Lista ei ole t\u00e4ydellinen, eik\u00e4 kaikkia asiaan liittyvi\u00e4 asiakirjoja ole voitu varmuudella esitt\u00e4\u00e4. Kunkin &hellip; <a href=\"http:\/\/www.joutsansalmi.com\/?page_id=61\">Lue loppuun <span class=\"meta-nav\">&rarr;<\/span><\/a><\/p>\n","protected":false},"author":1,"featured_media":0,"parent":57,"menu_order":0,"comment_status":"closed","ping_status":"closed","template":"","meta":{"ngg_post_thumbnail":0,"jetpack_post_was_ever_published":false},"jetpack_shortlink":"https:\/\/wp.me\/P2HNwR-Z","jetpack_sharing_enabled":true,"_links":{"self":[{"href":"http:\/\/www.joutsansalmi.com\/index.php?rest_route=\/wp\/v2\/pages\/61"}],"collection":[{"href":"http:\/\/www.joutsansalmi.com\/index.php?rest_route=\/wp\/v2\/pages"}],"about":[{"href":"http:\/\/www.joutsansalmi.com\/index.php?rest_route=\/wp\/v2\/types\/page"}],"author":[{"embeddable":true,"href":"http:\/\/www.joutsansalmi.com\/index.php?rest_route=\/wp\/v2\/users\/1"}],"replies":[{"embeddable":true,"href":"http:\/\/www.joutsansalmi.com\/index.php?rest_route=%2Fwp%2Fv2%2Fcomments&post=61"}],"version-history":[{"count":0,"href":"http:\/\/www.joutsansalmi.com\/index.php?rest_route=\/wp\/v2\/pages\/61\/revisions"}],"up":[{"embeddable":true,"href":"http:\/\/www.joutsansalmi.com\/index.php?rest_route=\/wp\/v2\/pages\/57"}],"wp:attachment":[{"href":"http:\/\/www.joutsansalmi.com\/index.php?rest_route=%2Fwp%2Fv2%2Fmedia&parent=61"}],"curies":[{"name":"wp","href":"https:\/\/api.w.org\/{rel}","templated":true}]}}