{"id":201,"date":"2012-06-21T20:32:49","date_gmt":"2012-06-21T17:32:49","guid":{"rendered":"http:\/\/joutsansalmi.wordpress.com\/?page_id=201"},"modified":"2012-06-21T20:32:49","modified_gmt":"2012-06-21T17:32:49","slug":"yhdistys","status":"publish","type":"page","link":"https:\/\/www.joutsansalmi.com\/?page_id=201","title":{"rendered":"Yhdistys"},"content":{"rendered":"<p>Joutsansalmi yhdistys on perustettu 2009.\u00a0Yhdistyksen j\u00e4senet ovat p\u00e4\u00e4osin Joutsan kuntalaisia ja kes\u00e4asukkaita. Vuonna 2012 yhdistyksell\u00e4 oli 55 j\u00e4sent\u00e4.<\/p>\n","protected":false},"excerpt":{"rendered":"<p>Joutsansalmi yhdistys on perustettu 2009.\u00a0Yhdistyksen j\u00e4senet ovat p\u00e4\u00e4osin Joutsan kuntalaisia ja kes\u00e4asukkaita. Vuonna 2012 yhdistyksell\u00e4 oli 55 j\u00e4sent\u00e4.<\/p>\n","protected":false},"author":1,"featured_media":0,"parent":0,"menu_order":0,"comment_status":"closed","ping_status":"closed","template":"","meta":{"ngg_post_thumbnail":0,"jetpack_post_was_ever_published":false},"jetpack_shortlink":"https:\/\/wp.me\/P2HNwR-3f","jetpack_sharing_enabled":true,"_links":{"self":[{"href":"https:\/\/www.joutsansalmi.com\/index.php?rest_route=\/wp\/v2\/pages\/201"}],"collection":[{"href":"https:\/\/www.joutsansalmi.com\/index.php?rest_route=\/wp\/v2\/pages"}],"about":[{"href":"https:\/\/www.joutsansalmi.com\/index.php?rest_route=\/wp\/v2\/types\/page"}],"author":[{"embeddable":true,"href":"https:\/\/www.joutsansalmi.com\/index.php?rest_route=\/wp\/v2\/users\/1"}],"replies":[{"embeddable":true,"href":"https:\/\/www.joutsansalmi.com\/index.php?rest_route=%2Fwp%2Fv2%2Fcomments&post=201"}],"version-history":[{"count":0,"href":"https:\/\/www.joutsansalmi.com\/index.php?rest_route=\/wp\/v2\/pages\/201\/revisions"}],"wp:attachment":[{"href":"https:\/\/www.joutsansalmi.com\/index.php?rest_route=%2Fwp%2Fv2%2Fmedia&parent=201"}],"curies":[{"name":"wp","href":"https:\/\/api.w.org\/{rel}","templated":true}]}}