{"id":339,"date":"2012-10-08T12:53:29","date_gmt":"2012-10-08T09:53:29","guid":{"rendered":"http:\/\/www.joutsansalmi.com\/?page_id=339"},"modified":"2023-10-19T18:20:44","modified_gmt":"2023-10-19T15:20:44","slug":"liity-jaseneksi","status":"publish","type":"page","link":"https:\/\/www.joutsansalmi.com\/?page_id=339","title":{"rendered":"Liity j\u00e4seneksi"},"content":{"rendered":"<p>T\u00e4yt\u00e4 oheiseen kaavakkeeseen yhteystietosi, valitse j\u00e4senyyden muoto ja paina <em>l\u00e4het\u00e4<\/em>.<\/p>\n<p>Jos haluat yhdistyksen kannatusj\u00e4seneksi, valitse j\u00e4senyyden muodoksi <em>kannatusj\u00e4sen<\/em> ja voit itse valita summan jolla haluat tukea yhdistyksen toimintaa.<\/p>\n\n<div class=\"wpcf7 no-js\" id=\"wpcf7-f603-o1\" lang=\"fi\" dir=\"ltr\">\n<div class=\"screen-reader-response\"><p role=\"status\" aria-live=\"polite\" aria-atomic=\"true\"><\/p> <ul><\/ul><\/div>\n<form action=\"\/index.php?rest_route=%2Fwp%2Fv2%2Fpages%2F339#wpcf7-f603-o1\" method=\"post\" class=\"wpcf7-form init\" aria-label=\"Yhteydenottolomake\" novalidate=\"novalidate\" data-status=\"init\">\n<div style=\"display: none;\">\n<input type=\"hidden\" name=\"_wpcf7\" value=\"603\" \/>\n<input type=\"hidden\" name=\"_wpcf7_version\" value=\"5.8.2\" \/>\n<input type=\"hidden\" name=\"_wpcf7_locale\" value=\"fi\" \/>\n<input type=\"hidden\" name=\"_wpcf7_unit_tag\" value=\"wpcf7-f603-o1\" \/>\n<input type=\"hidden\" name=\"_wpcf7_container_post\" value=\"0\" \/>\n<input type=\"hidden\" name=\"_wpcf7_posted_data_hash\" value=\"\" \/>\n<\/div>\n<p>Nimi\n<\/p>\n<p><span class=\"wpcf7-form-control-wrap\" data-name=\"text-nimi\"><input size=\"40\" class=\"wpcf7-form-control wpcf7-text wpcf7-validates-as-required\" aria-required=\"true\" aria-invalid=\"false\" value=\"\" type=\"text\" name=\"text-nimi\" \/><\/span>\n<\/p>\n<p>Katuosoite\n<\/p>\n<p><span class=\"wpcf7-form-control-wrap\" data-name=\"text-osoite\"><input size=\"40\" class=\"wpcf7-form-control wpcf7-text wpcf7-validates-as-required\" aria-required=\"true\" aria-invalid=\"false\" value=\"\" type=\"text\" name=\"text-osoite\" \/><\/span>\n<\/p>\n<p>Postinumero ja kunta\n<\/p>\n<p><span class=\"wpcf7-form-control-wrap\" data-name=\"text-postinumero\"><input size=\"40\" class=\"wpcf7-form-control wpcf7-text wpcf7-validates-as-required\" aria-required=\"true\" aria-invalid=\"false\" value=\"\" type=\"text\" name=\"text-postinumero\" \/><\/span>\n<\/p>\n<p>Puhelinnumero\n<\/p>\n<p><span class=\"wpcf7-form-control-wrap\" data-name=\"tel-puhelinnumero\"><input size=\"40\" class=\"wpcf7-form-control wpcf7-tel wpcf7-validates-as-required wpcf7-text wpcf7-validates-as-tel\" aria-required=\"true\" aria-invalid=\"false\" value=\"\" type=\"tel\" name=\"tel-puhelinnumero\" \/><\/span>\n<\/p>\n<p>S\u00e4hk\u00f6posti\n<\/p>\n<p><span class=\"wpcf7-form-control-wrap\" data-name=\"email-708\"><input size=\"40\" class=\"wpcf7-form-control wpcf7-email wpcf7-validates-as-required wpcf7-text wpcf7-validates-as-email\" aria-required=\"true\" aria-invalid=\"false\" value=\"\" type=\"email\" name=\"email-708\" \/><\/span>\n<\/p>\n<p><span class=\"wpcf7-form-control-wrap\" data-name=\"menu-936\"><select class=\"wpcf7-form-control wpcf7-select wpcf7-validates-as-required\" aria-required=\"true\" aria-invalid=\"false\" name=\"menu-936\"><option value=\"Tavallinen j\u00e4sen, 15\u20ac\/vuosi\">Tavallinen j\u00e4sen, 15\u20ac\/vuosi<\/option><option value=\"Ainaisj\u00e4sen, kertamaksu 100\u20ac\">Ainaisj\u00e4sen, kertamaksu 100\u20ac<\/option><option value=\"Kannatusj\u00e4sen, vapaavalintainen summa\">Kannatusj\u00e4sen, vapaavalintainen summa<\/option><\/select><\/span>\n<\/p>\n<p>Vapaavalintainen summa (jos valitsit Kannatusj\u00e4sen)\n<\/p>\n<p><span class=\"wpcf7-form-control-wrap\" data-name=\"number-506\"><input class=\"wpcf7-form-control wpcf7-number wpcf7-validates-as-number\" min=\"1\" aria-invalid=\"false\" value=\"\" type=\"number\" name=\"number-506\" \/><\/span>\n<\/p>\n<p><input class=\"wpcf7-form-control wpcf7-submit has-spinner\" type=\"submit\" value=\"L\u00e4het\u00e4\" \/>\n<\/p><p style=\"display: none !important;\" class=\"akismet-fields-container\" data-prefix=\"_wpcf7_ak_\"><label>&#916;<textarea name=\"_wpcf7_ak_hp_textarea\" cols=\"45\" rows=\"8\" maxlength=\"100\"><\/textarea><\/label><input type=\"hidden\" id=\"ak_js_1\" name=\"_wpcf7_ak_js\" value=\"79\"\/><script>document.getElementById( \"ak_js_1\" ).setAttribute( \"value\", ( new Date() ).getTime() );<\/script><\/p><div class=\"wpcf7-response-output\" aria-hidden=\"true\"><\/div>\n<\/form>\n<\/div>\n\n","protected":false},"excerpt":{"rendered":"<p>T\u00e4yt\u00e4 oheiseen kaavakkeeseen yhteystietosi, valitse j\u00e4senyyden muoto ja paina l\u00e4het\u00e4. Jos haluat yhdistyksen kannatusj\u00e4seneksi, valitse j\u00e4senyyden muodoksi kannatusj\u00e4sen ja voit itse valita summan jolla haluat tukea yhdistyksen toimintaa.<\/p>\n","protected":false},"author":1,"featured_media":0,"parent":201,"menu_order":0,"comment_status":"closed","ping_status":"closed","template":"","meta":{"ngg_post_thumbnail":0,"jetpack_post_was_ever_published":false},"jetpack_shortlink":"https:\/\/wp.me\/P2HNwR-5t","jetpack_sharing_enabled":false,"_links":{"self":[{"href":"https:\/\/www.joutsansalmi.com\/index.php?rest_route=\/wp\/v2\/pages\/339"}],"collection":[{"href":"https:\/\/www.joutsansalmi.com\/index.php?rest_route=\/wp\/v2\/pages"}],"about":[{"href":"https:\/\/www.joutsansalmi.com\/index.php?rest_route=\/wp\/v2\/types\/page"}],"author":[{"embeddable":true,"href":"https:\/\/www.joutsansalmi.com\/index.php?rest_route=\/wp\/v2\/users\/1"}],"replies":[{"embeddable":true,"href":"https:\/\/www.joutsansalmi.com\/index.php?rest_route=%2Fwp%2Fv2%2Fcomments&post=339"}],"version-history":[{"count":22,"href":"https:\/\/www.joutsansalmi.com\/index.php?rest_route=\/wp\/v2\/pages\/339\/revisions"}],"predecessor-version":[{"id":841,"href":"https:\/\/www.joutsansalmi.com\/index.php?rest_route=\/wp\/v2\/pages\/339\/revisions\/841"}],"up":[{"embeddable":true,"href":"https:\/\/www.joutsansalmi.com\/index.php?rest_route=\/wp\/v2\/pages\/201"}],"wp:attachment":[{"href":"https:\/\/www.joutsansalmi.com\/index.php?rest_route=%2Fwp%2Fv2%2Fmedia&parent=339"}],"curies":[{"name":"wp","href":"https:\/\/api.w.org\/{rel}","templated":true}]}}