{"id":46,"date":"2012-05-22T09:38:21","date_gmt":"2012-05-22T09:38:21","guid":{"rendered":"http:\/\/joutsansalmi.wordpress.com\/?page_id=40"},"modified":"2012-05-22T09:38:21","modified_gmt":"2012-05-22T09:38:21","slug":"yhdistyksen-taustaa-2","status":"publish","type":"page","link":"https:\/\/www.joutsansalmi.com\/?page_id=46","title":{"rendered":"Yhdistyksen taustaa"},"content":{"rendered":"<p align=\"left\">Myllynlahden-Joutsansalmen kansalaisfoorumin tekem\u00e4n ty\u00f6n pohjustamana Joutsansalmi-yhdistys ry toimii Joutsan ja sen asukkaiden yhteisen ymp\u00e4rist\u00f6n ja vesialueen paremman tilan puolesta. Joutsansalmi ry on rekister\u00f6ity yhdistys ja toimii siten yhdistysrekisterin ja vahvistettujen s\u00e4\u00e4nt\u00f6jens\u00e4 mukaisesti. Yhdistyksen yhten\u00e4 toimintamuotona kansalaisfoorumi on kaikille avoin, erilaisia n\u00e4kemyksi\u00e4 hyv\u00e4ksyv\u00e4 ja riippumaton puoluepoliittisista tavoitteista. Se ei pyri vastakkainasetteluun vaan yhteisen edun esiintuomiseen. Siten se ei toimi ket\u00e4\u00e4n yksitt\u00e4ist\u00e4 asukasta tai elinkeinonharjoittajaa vastaan vaan pyrkii keskustelun ja vuoropuhelun keinoin nostamaan esiin asioita ja ajatuksia Joutsanseudun vesist\u00f6jen tilan parantamiseksi.<\/p>\n<p>Joutsansalmi-yhdistyksen tavoitteet ja tarkoitus ovat kiteytyneet Myllylahden-Joutsansalmen kansalaisfoorumin omaksuman yhteisty\u00f6hakuisen toimintatavan pohjalta. Suuri joukko huolestuneita kunnan asukkaita allekirjoitti 2.1.2008\u00a0<a href=\"http:\/\/joutsansalmi.com\/arkisto\/foorumin_kunnallisaloite_2008.PDF\" target=\"_blank\">kunnallis-\/kansalaisaloitteen<\/a>, jossa he edellyttiv\u00e4t, ett\u00e4 kunta kutsuisi koolle keskustelevan\/suunnittelevan ja samalla p\u00e4\u00e4t\u00f6sluonnokseen t\u00e4ht\u00e4\u00e4v\u00e4n asianomistajafoorumin Myllylahden, Joutsan salmen ja J\u00e4\u00e4sj\u00e4rven vesist\u00f6n suojelemiseksi. Aloite johti kunnanvirastossa 16.4.2008 pidettyyn keskustelutilaisuuteen, johon osallistui yli 50 kunnan asukasta, ja jota voidaan pit\u00e4\u00e4 foorumin ty\u00f6n avauksena. Kansalaisfoorumi kokoontui toisen kerran 13.8.2008 laatimaan l\u00e4hiajan ty\u00f6ohjelmaa ja vakiinnuttaakseen sen toimintatavan avoimena foorumina.<\/p>\n<p>Foorumin omaksumia tavoitteita oli vaadittu toteutettavaksi pitk\u00e4\u00e4n aikaa ennen foorumin ty\u00f6n organisointia. Jo elokuussa 2000 ja sen j\u00e4lkeen Joutsan kunnan p\u00e4\u00e4tt\u00e4jille ja virkamiesjohdolle on j\u00e4tetty kunnallisaloiteita vesist\u00f6n tarkkailun tehostamiseksi ja runsastuneen karvalehden poistamiseksi. My\u00f6s vuoden 2000 aloitetta seurasi kokous, johon osallistui eritt\u00e4in runsaasti huolestuneita kunnan asukkaita. Viimeisen kahdeksan vuoden aikana rannan asukkaiden yhteisty\u00f6 on vain tiivistynyt ja n\u00e4kemykset vahvistuneet.<\/p>\n<p>Nyt perustetun yhdistyksen tavoitteellinen ty\u00f6 sai eritt\u00e4in vahvan perustan, kun foorumin kolmannessa kokouksessa yhteens\u00e4 42 joutsalaisia ja muuta foorumin yst\u00e4v\u00e4\u00e4 hyv\u00e4ksyi yhteisen\u00a0<a href=\"http:\/\/joutsansalmi.com\/arkisto\/kannaotto_24092008.pdf\" target=\"_blank\">kannanoton<\/a>\u00a0asuinymp\u00e4rist\u00f6mme ja kuntakeskuksen keskeisen vesialueen tilan parantamiseksi. Avoin keskustelu on ollut hyvin vilkasta ja monipuolista.<\/p>\n<p>Foorumin nelj\u00e4nness\u00e4 kokouksessa 26.11.2008 foorumi keskusteli aktiivisesti kalanviljelylaitosten ymp\u00e4rist\u00f6vaatimuksista, niiden vedenpuhdistuslaitosten teknisest\u00e4 kehityksest\u00e4, ymp\u00e4rist\u00f6yst\u00e4v\u00e4llisen ja k\u00e4ytt\u00f6kelpoisen tuotantoteknologian vaihtoehdoista ja edellytyksist\u00e4 luoda ymp\u00e4rist\u00f6\u00e4 kuormittamattomat kasvatusolosuhteet.<\/p>\n<p>Oli erityisen ilahduttavaa, ett\u00e4 niin monet kunnan johtohenkil\u00f6t ja poliittisten ryhmien vastuuhenkil\u00f6t ovat osallistuneet kansalaisfoorumin ty\u00f6h\u00f6n. Kansalaisfoorumin kokoukset ovatkin antaneet sille paikkansa paikallisena vaikuttamiskanavana, mink\u00e4 mandaatin jatkaminen ja edist\u00e4minen on nyt perustetun Joutsansalmi-yhdistyksen keskeinen teht\u00e4v\u00e4.<\/p>\n","protected":false},"excerpt":{"rendered":"<p>Myllynlahden-Joutsansalmen kansalaisfoorumin tekem\u00e4n ty\u00f6n pohjustamana Joutsansalmi-yhdistys ry toimii Joutsan ja sen asukkaiden yhteisen ymp\u00e4rist\u00f6n ja vesialueen paremman tilan puolesta. Joutsansalmi ry on rekister\u00f6ity yhdistys ja toimii siten yhdistysrekisterin ja vahvistettujen s\u00e4\u00e4nt\u00f6jens\u00e4 mukaisesti. Yhdistyksen yhten\u00e4 toimintamuotona kansalaisfoorumi on kaikille avoin, erilaisia &hellip; <a href=\"https:\/\/www.joutsansalmi.com\/?page_id=46\">Lue loppuun <span class=\"meta-nav\">&rarr;<\/span><\/a><\/p>\n","protected":false},"author":1,"featured_media":0,"parent":201,"menu_order":0,"comment_status":"closed","ping_status":"closed","template":"","meta":{"ngg_post_thumbnail":0,"jetpack_post_was_ever_published":false},"jetpack_shortlink":"https:\/\/wp.me\/P2HNwR-K","jetpack_sharing_enabled":true,"_links":{"self":[{"href":"https:\/\/www.joutsansalmi.com\/index.php?rest_route=\/wp\/v2\/pages\/46"}],"collection":[{"href":"https:\/\/www.joutsansalmi.com\/index.php?rest_route=\/wp\/v2\/pages"}],"about":[{"href":"https:\/\/www.joutsansalmi.com\/index.php?rest_route=\/wp\/v2\/types\/page"}],"author":[{"embeddable":true,"href":"https:\/\/www.joutsansalmi.com\/index.php?rest_route=\/wp\/v2\/users\/1"}],"replies":[{"embeddable":true,"href":"https:\/\/www.joutsansalmi.com\/index.php?rest_route=%2Fwp%2Fv2%2Fcomments&post=46"}],"version-history":[{"count":0,"href":"https:\/\/www.joutsansalmi.com\/index.php?rest_route=\/wp\/v2\/pages\/46\/revisions"}],"up":[{"embeddable":true,"href":"https:\/\/www.joutsansalmi.com\/index.php?rest_route=\/wp\/v2\/pages\/201"}],"wp:attachment":[{"href":"https:\/\/www.joutsansalmi.com\/index.php?rest_route=%2Fwp%2Fv2%2Fmedia&parent=46"}],"curies":[{"name":"wp","href":"https:\/\/api.w.org\/{rel}","templated":true}]}}