{"id":57,"date":"2012-05-22T09:57:49","date_gmt":"2012-05-22T09:57:49","guid":{"rendered":"http:\/\/joutsansalmi.wordpress.com\/?page_id=57"},"modified":"2013-02-21T07:59:26","modified_gmt":"2013-02-21T05:59:26","slug":"ymparistolupa-2","status":"publish","type":"page","link":"https:\/\/www.joutsansalmi.com\/?page_id=57","title":{"rendered":"Taimen Oy:n ymp\u00e4rist\u00f6lupa"},"content":{"rendered":"<p>Taimen Oy:n k\u00e4ynniss\u00e4 oleva ymp\u00e4rist\u00f6lupahakemusprosessi (2010)<\/p>\n<p><strong>20.6.2012 Joutsansalmi ry:n vastaselitys<\/strong><br \/>\nTaimen Oy j\u00e4tti vastineen lupaa koskeviin valituksiin. Yhdistys vastasi t\u00e4h\u00e4n omalla vastaselityksell\u00e4\u00e4n.<br \/>\n<a href=\"http:\/\/www.joutsansalmi.com\/arkisto\/Vastaselitys_20062012.PDF\">Joutsansalmi ry:n vastaselitys\u00a020.6.2012\u00a0<\/a><\/p>\n<p><strong>21.12.2011 Joutsansalmi ry:n valitus<\/strong><br \/>\nYhdistys tekee Vaasan Hallinto-oikeudelle Aluehallintoviraston p\u00e4\u00e4t\u00f6st\u00e4 koskevan valituksen miss\u00e4 vaaditaan Taimen Oy:lt\u00e4 tarvittavat laitostekniset muutokset ett\u00e4 fosforip\u00e4\u00e4st\u00f6t saadaan v\u00e4henem\u00e4\u00e4n.<br \/>\n<a href=\"http:\/\/www.joutsansalmi.com\/wp-content\/uploads\/2012\/10\/2011_12_21_valitus.pdf\">Joutsansalmi ry:n valitus 21.12.2011<\/a><\/p>\n<p><strong>25.11.2011 Aluehallintoviraston p\u00e4\u00e4t\u00f6s<\/strong><br \/>\nAluehallintovirasto my\u00f6nt\u00e4\u00e4 Taimen Oy:lle ymp\u00e4rist\u00f6luvan vaatien vain v\u00e4h\u00e4isi\u00e4 laadullisia parannuksia tuotantoon.<br \/>\n<a href=\"http:\/\/ftp.joutsansalmi.com\/www\/arkisto\/lssavi_paatos_146_2010_1_2011_11_25.pdf\">Aluehallintoviraston p\u00e4\u00e4t\u00f6s 25.11.2011<\/a><\/p>\n<p><strong>27.9.2011, Joutsansalmi ry:n lausunto Taimen Oy:n vastineista<\/strong><br \/>\nYhdistys laati syyskokouksessaan lausunnon koskien Taimen Oy:n 14.2. ja 1.3.2011 j\u00e4tt\u00e4mi\u00e4 vastineita.<br \/>\n<a href=\"http:\/\/www.joutsansalmi.com\/arkisto\/vastineet\/Joutsansalmi_lausunto_270911\/Joutsansalmi_ry_lausunto_27092011.pdf\">Joutsansalmi ry:n lausunto 27.9.2011<\/a><\/p>\n<p><strong>4.3.2011 ELY-keskuksen lausunto Taimen Oy:n vastineesta<\/strong><br \/>\n<a href=\"http:\/\/www.joutsansalmi.com\/arkisto\/vastineet\/ELY_keskuksen_lausunto_04032011\/ELY_keskuksen%20Lausunto_04032011_Taimen_Oy_Joutsa.pdf\">ELY-keskuksen lausunto 4.3.2011<\/a><\/p>\n<p><strong>1.3.2011, Taimen Oy:n vastine ELY-keskuksen lausuntoon<\/strong><br \/>\n<a href=\"http:\/\/www.joutsansalmi.com\/arkisto\/vastineet\/TaimenOy_vastine_ELY_lausuntoon_040810\/Vastine_ELYn_2._lausuntoon_LSSAVI_267_04.08_2010.pdf\">Taimen Oy:n vastine 1.3.2011<\/a><br \/>\n<a href=\"http:\/\/www.joutsansalmi.com\/arkisto\/vastineet\/TaimenOy_vastine_ELY_lausuntoon_040810\/Vastineen_liite_osa_1.pdf\">liite 1<\/a><br \/>\n<a href=\"http:\/\/www.joutsansalmi.com\/arkisto\/vastineet\/TaimenOy_vastine_ELY_lausuntoon_040810\/Vastineen_liite_osa_2.pdf\">liite2<\/a><\/p>\n<p><strong>14.2.2011, Taimen Oy:n vastine muistutuksiin<\/strong><br \/>\n<a href=\"http:\/\/www.joutsansalmi.com\/arkisto\/vastineet\/TaimenOy_vastine_muistutuksiin_040810\/Vastine_lausuntoihin_ja_muistutuksiin_LSSAVI_267_04.08_2010.pdf\">Taimen Oy:n vastine 14.2.2011<\/a><\/p>\n<p><strong>7.12.2010, ELY-keskuksen lausunto ymp\u00e4rist\u00f6lupahakemuksesta<\/strong><br \/>\n<a href=\"http:\/\/www.joutsansalmi.com\/arkisto\/vastineet\/ELY-keskuksen_lausunto_07122010\/ELY-keskuksen%20Lausunto_07122010_Taimen_Oy_Joutsa.pdf\">ELY-keskuksen lausunto 7.12.2010<\/a><\/p>\n<p><strong>15.11.2010, Joutsan kunnanhallituksen lausunto<\/strong><br \/>\nJoutsan kunnanhallitus esitt\u00e4\u00e4 omassa lausunnossaan kalalaitokselle tiukat vaatimukset j\u00e4tevesien puhdistuksen suhteen ja haluaa ett\u00e4 toimenpiteisiin ryhdyt\u00e4\u00e4n pikaisella aikataululla.<br \/>\n<a title=\"Kunnanhallitus haluaa kalalaitoksen p\u00e4\u00e4st\u00f6ille tiukan kontrollin\" href=\"http:\/\/www.joutsansalmi.com\/?p=101\">Lue lis\u00e4\u00e4<\/a><\/p>\n<p><strong>14.11.2010, Joutsansalmi ry:n muistutus<\/strong><br \/>\nJoutsansalmi ry j\u00e4tt\u00e4\u00e4 oman muistutuksen kalalaitoksen lupahakemusta koskien. Samaan aikaan lukuisat yksityishenkil\u00f6t, Osakaskunnat ja Suonteen kalastusalue j\u00e4ttiv\u00e4t omat muistutuksensa.<br \/>\n<a href=\"http:\/\/www.joutsansalmi.com\/arkisto\/vastineet\/Joutsansalmi_muistutus_141110\/Joutsansalmi_ryn_muistutus_141110.pdf\">Joutsansalmi ry:n muistutus 14.11.2010<\/a><br \/>\n<a href=\"http:\/\/www.joutsansalmi.com\/arkisto\/vastineet\/Suonteen_kalastusalueen_muistutus\/Suonteen%20kalastusalueen%20hallituksen%20lausunto_15112010.pdf\">Suonteen kalastusalueen muistutus 15.11.2010<\/a><br \/>\n<a href=\"http:\/\/www.joutsansalmi.com\/arkisto\/vastineet\/Osakaskuntien_muistutus\/Osakaskuntien_muistutus_ja_liite_17112010.pdf\">Osakaskuntien muistutus 17.11.2010<\/a><\/p>\n<p><strong>20.10.2010, Taimen Oy:n ymp\u00e4rist\u00f6lupaa koskeva kuulutus<\/strong><br \/>\n<a href=\"http:\/\/www.joutsansalmi.com\/arkisto\/lupahakemus_sivu1_22102010.jpg\">kuulutus sivu 1<\/a><br \/>\n<a href=\"http:\/\/www.joutsansalmi.com\/arkisto\/lupahakemus_sivu2_22102010.jpg\">kuulutus sivu 2<\/a><\/p>\n<p><strong>30.3.2010, Taimen Oy:n ymp\u00e4rist\u00f6lupahakemus<\/strong><br \/>\nJoutsan Myllykosken kalanviljelylaitoksen ymp\u00e4rist\u00f6lupahakemukseen haetaan muutosta. Siin\u00e4 esitet\u00e4\u00e4n lupaehtoihin 70 kg:n korotusta vuotuiseen fosforikuormitukseen.<br \/>\n<a href=\"http:\/\/www.joutsansalmi.com\/arkisto\/ymparistolupahakemus.pdf\">ymp\u00e4rist\u00f6lupahakemus<\/a><br \/>\n<a href=\"http:\/\/www.joutsansalmi.com\/arkisto\/taydennys_lupahakemukseen_0003.pdf\">liite 1<\/a><br \/>\n<a href=\"http:\/\/www.joutsansalmi.com\/arkisto\/virtaamamittaus_0002.pdf\">liite 2<\/a><\/p>\n","protected":false},"excerpt":{"rendered":"<p>Taimen Oy:n k\u00e4ynniss\u00e4 oleva ymp\u00e4rist\u00f6lupahakemusprosessi (2010) 20.6.2012 Joutsansalmi ry:n vastaselitys Taimen Oy j\u00e4tti vastineen lupaa koskeviin valituksiin. Yhdistys vastasi t\u00e4h\u00e4n omalla vastaselityksell\u00e4\u00e4n. Joutsansalmi ry:n vastaselitys\u00a020.6.2012\u00a0 21.12.2011 Joutsansalmi ry:n valitus Yhdistys tekee Vaasan Hallinto-oikeudelle Aluehallintoviraston p\u00e4\u00e4t\u00f6st\u00e4 koskevan valituksen miss\u00e4 vaaditaan Taimen &hellip; <a href=\"https:\/\/www.joutsansalmi.com\/?page_id=57\">Lue loppuun <span class=\"meta-nav\">&rarr;<\/span><\/a><\/p>\n","protected":false},"author":1,"featured_media":0,"parent":0,"menu_order":2,"comment_status":"closed","ping_status":"closed","template":"","meta":{"ngg_post_thumbnail":0,"jetpack_post_was_ever_published":false},"jetpack_shortlink":"https:\/\/wp.me\/P2HNwR-V","jetpack_sharing_enabled":true,"_links":{"self":[{"href":"https:\/\/www.joutsansalmi.com\/index.php?rest_route=\/wp\/v2\/pages\/57"}],"collection":[{"href":"https:\/\/www.joutsansalmi.com\/index.php?rest_route=\/wp\/v2\/pages"}],"about":[{"href":"https:\/\/www.joutsansalmi.com\/index.php?rest_route=\/wp\/v2\/types\/page"}],"author":[{"embeddable":true,"href":"https:\/\/www.joutsansalmi.com\/index.php?rest_route=\/wp\/v2\/users\/1"}],"replies":[{"embeddable":true,"href":"https:\/\/www.joutsansalmi.com\/index.php?rest_route=%2Fwp%2Fv2%2Fcomments&post=57"}],"version-history":[{"count":17,"href":"https:\/\/www.joutsansalmi.com\/index.php?rest_route=\/wp\/v2\/pages\/57\/revisions"}],"predecessor-version":[{"id":251,"href":"https:\/\/www.joutsansalmi.com\/index.php?rest_route=\/wp\/v2\/pages\/57\/revisions\/251"}],"wp:attachment":[{"href":"https:\/\/www.joutsansalmi.com\/index.php?rest_route=%2Fwp%2Fv2%2Fmedia&parent=57"}],"curies":[{"name":"wp","href":"https:\/\/api.w.org\/{rel}","templated":true}]}}